{"id":2851,"date":"2021-02-15T19:47:11","date_gmt":"2021-02-15T19:47:11","guid":{"rendered":"http:\/\/tereo.aatea.co.nz\/?page_id=2851"},"modified":"2021-04-06T03:25:06","modified_gmt":"2021-04-06T03:25:06","slug":"our-story-2","status":"publish","type":"page","link":"https:\/\/tereo.aatea.co.nz\/en\/our-story-2\/","title":{"rendered":"Our Story"},"content":{"rendered":"\t\t<div data-elementor-type=\"wp-page\" data-elementor-id=\"2851\" class=\"elementor elementor-2851\" data-elementor-settings=\"[]\">\n\t\t\t\t\t\t\t<div class=\"elementor-section-wrap\">\n\t\t\t\t\t\t\t<section class=\"elementor-section elementor-top-section elementor-element elementor-element-25cec1f elementor-section-content-middle content-tab elementor-section-boxed elementor-section-height-default elementor-section-height-default\" data-id=\"25cec1f\" data-element_type=\"section\" id=\"our-philo\">\n\t\t\t\t\t\t<div class=\"elementor-container elementor-column-gap-narrow\">\n\t\t\t\t\t<div class=\"elementor-column elementor-col-50 elementor-top-column elementor-element elementor-element-69079ef ot-flex-column-vertical\" data-id=\"69079ef\" data-element_type=\"column\">\n\t\t\t<div class=\"elementor-widget-wrap elementor-element-populated\">\n\t\t\t\t\t\t\t\t<div class=\"elementor-element elementor-element-e1703a9 elementor-widget elementor-widget-image\" data-id=\"e1703a9\" data-element_type=\"widget\" data-widget_type=\"image.default\">\n\t\t\t\t<div class=\"elementor-widget-container\">\n\t\t\t\t\t<div class=\"elementor-image\">\n\t\t\t\t\t\t\t\t\t\t<img width=\"1426\" height=\"953\" src=\"https:\/\/tereo.aatea.co.nz\/wp-content\/uploads\/2021\/02\/DSC3425.jpg\" class=\"attachment-full size-full\" alt=\"\" loading=\"lazy\" srcset=\"https:\/\/tereo.aatea.co.nz\/wp-content\/uploads\/2021\/02\/DSC3425.jpg 1426w, https:\/\/tereo.aatea.co.nz\/wp-content\/uploads\/2021\/02\/DSC3425-300x200.jpg 300w, https:\/\/tereo.aatea.co.nz\/wp-content\/uploads\/2021\/02\/DSC3425-1024x684.jpg 1024w, https:\/\/tereo.aatea.co.nz\/wp-content\/uploads\/2021\/02\/DSC3425-768x513.jpg 768w, https:\/\/tereo.aatea.co.nz\/wp-content\/uploads\/2021\/02\/DSC3425-600x400.jpg 600w\" sizes=\"(max-width: 1426px) 100vw, 1426px\" \/>\t\t\t\t\t\t\t\t\t\t\t<\/div>\n\t\t\t\t<\/div>\n\t\t\t\t<\/div>\n\t\t\t\t\t<\/div>\n\t\t<\/div>\n\t\t\t\t<div class=\"elementor-column elementor-col-50 elementor-top-column elementor-element elementor-element-c7f2f31 ot-flex-column-vertical\" data-id=\"c7f2f31\" data-element_type=\"column\">\n\t\t\t<div class=\"elementor-widget-wrap elementor-element-populated\">\n\t\t\t\t\t\t\t\t<div class=\"elementor-element elementor-element-06391c3 elementor-widget elementor-widget-text-editor\" data-id=\"06391c3\" data-element_type=\"widget\" data-widget_type=\"text-editor.default\">\n\t\t\t\t<div class=\"elementor-widget-container\">\n\t\t\t\t\t<div class=\"elementor-text-editor elementor-clearfix\"><p><b>Ko te ara e \u016b ai t\u0101tou ko te tika, te pono, te m\u0101ramatanga me te aroha, kia t\u016bm\u0101ia i te ao, i te p\u014d!&nbsp;<\/b><\/p>\n<p>The path we follow is one of integrity, belief, understanding and compassion that we may stand courageously.<\/p><\/div>\n\t\t\t\t<\/div>\n\t\t\t\t<\/div>\n\t\t\t\t\t<\/div>\n\t\t<\/div>\n\t\t\t\t\t\t\t<\/div>\n\t\t<\/section>\n\t\t\t\t<section class=\"elementor-section elementor-top-section elementor-element elementor-element-db1842d elementor-section-boxed elementor-section-height-default elementor-section-height-default\" data-id=\"db1842d\" data-element_type=\"section\">\n\t\t\t\t\t\t<div class=\"elementor-container elementor-column-gap-default\">\n\t\t\t\t\t<div class=\"elementor-column elementor-col-100 elementor-top-column elementor-element elementor-element-84cfb4a ot-flex-column-vertical\" data-id=\"84cfb4a\" data-element_type=\"column\">\n\t\t\t<div class=\"elementor-widget-wrap elementor-element-populated\">\n\t\t\t\t\t\t\t\t<div class=\"elementor-element elementor-element-b5fe283 elementor-widget elementor-widget-spacer\" data-id=\"b5fe283\" data-element_type=\"widget\" data-widget_type=\"spacer.default\">\n\t\t\t\t<div class=\"elementor-widget-container\">\n\t\t\t\t\t<div class=\"elementor-spacer\">\n\t\t\t<div class=\"elementor-spacer-inner\"><\/div>\n\t\t<\/div>\n\t\t\t\t<\/div>\n\t\t\t\t<\/div>\n\t\t\t\t<div class=\"elementor-element elementor-element-2e4a9dd elementor-widget elementor-widget-heading\" data-id=\"2e4a9dd\" data-element_type=\"widget\" data-widget_type=\"heading.default\">\n\t\t\t\t<div class=\"elementor-widget-container\">\n\t\t\t<h2 class=\"elementor-heading-title elementor-size-default\">OUR STORY<\/h2>\t\t<\/div>\n\t\t\t\t<\/div>\n\t\t\t\t<div class=\"elementor-element elementor-element-fbf98a4 elementor-widget elementor-widget-spacer\" data-id=\"fbf98a4\" data-element_type=\"widget\" data-widget_type=\"spacer.default\">\n\t\t\t\t<div class=\"elementor-widget-container\">\n\t\t\t\t\t<div class=\"elementor-spacer\">\n\t\t\t<div class=\"elementor-spacer-inner\"><\/div>\n\t\t<\/div>\n\t\t\t\t<\/div>\n\t\t\t\t<\/div>\n\t\t\t\t<div class=\"elementor-element elementor-element-34c4ba5 elementor-widget elementor-widget-text-editor\" data-id=\"34c4ba5\" data-element_type=\"widget\" data-widget_type=\"text-editor.default\">\n\t\t\t\t<div class=\"elementor-widget-container\">\n\t\t\t\t\t<div class=\"elementor-text-editor elementor-clearfix\"><p><strong>Who we are\u00a0<\/strong><\/p><p><span style=\"font-weight: 400;\">AATEA Consultants Limited was founded by Hinerangi Edwards and Kiwa Hammond in 2000 with the support of their wh\u0101nau and pakeke. Having lived and worked in Wellington for a number of years, Hinerangi and Kiwa built up a clientele of predominantly public sector organisations providing services in kaupapa M\u0101ori communications. Much improved information communication technologies and youthful doses of passion and commitment enabled them to successfully relocate AATEA to Taranaki, then 12 years later to Te Wairoa where they established a second office. AATEA provided them with the means to live their dream offering transformational kaupapa M\u0101ori services nationally while living on their t\u016brangawaewae\ufe58raising their tamariki, and being involved in their local communities.<\/span><\/p><p><span style=\"font-weight: 400;\">Celebrating 20 years in business, AATEA is now widely recognised as an outstanding provider of kaupapa M\u0101ori facilitation and research, te reo M\u0101ori translation, and educational services throughout Aotearoa New Zealand, building strategic capability and collaboration through these services. Its team has grown to 15 staff members based in H\u0101wera, Te Wairoa and Wellington.<\/span><\/p><p>\u00a0<\/p><\/div>\n\t\t\t\t<\/div>\n\t\t\t\t<\/div>\n\t\t\t\t<div class=\"elementor-element elementor-element-179c2ef elementor-widget elementor-widget-spacer\" data-id=\"179c2ef\" data-element_type=\"widget\" data-widget_type=\"spacer.default\">\n\t\t\t\t<div class=\"elementor-widget-container\">\n\t\t\t\t\t<div class=\"elementor-spacer\">\n\t\t\t<div class=\"elementor-spacer-inner\"><\/div>\n\t\t<\/div>\n\t\t\t\t<\/div>\n\t\t\t\t<\/div>\n\t\t\t\t<div class=\"elementor-element elementor-element-56f67e2 elementor-widget elementor-widget-spacer\" data-id=\"56f67e2\" data-element_type=\"widget\" data-widget_type=\"spacer.default\">\n\t\t\t\t<div class=\"elementor-widget-container\">\n\t\t\t\t\t<div class=\"elementor-spacer\">\n\t\t\t<div class=\"elementor-spacer-inner\"><\/div>\n\t\t<\/div>\n\t\t\t\t<\/div>\n\t\t\t\t<\/div>\n\t\t\t\t<div class=\"elementor-element elementor-element-abaa066 elementor-widget elementor-widget-text-editor\" data-id=\"abaa066\" data-element_type=\"widget\" data-widget_type=\"text-editor.default\">\n\t\t\t\t<div class=\"elementor-widget-container\">\n\t\t\t\t\t<div class=\"elementor-text-editor elementor-clearfix\"><p><b>Our Purpose\u00a0<\/b><\/p><p><span style=\"font-weight: 400;\">AATEA strives to undertake all work with purpose, with tikanga, responsibility and aroha while upholding Te Tiriti o Waitangi. AATEA also prioritises collaborative relationships, supporting organisations to effect sustainable change in their local areas, whilst improving outcomes for all. Ultimately, AATEA affirms wh\u0101nau, hap\u016b and iwi M\u0101ori as tangata whenua of Aotearoa New Zealand, and M\u0101ori success as important to Aotearoa New Zealand success.<\/span><\/p><p><span style=\"font-weight: 400;\">Being community and kaupapa focused, AATEA aims to create meaningful partnerships with other organisations that also care about community and causes. If your organisation believes a kaupapa M\u0101ori approach can progress your pre-existing work, or you work with or for M\u0101ori, we would love to explore how we might collaborate to create positive outcomes for communities at home and abroad.<\/span><\/p><\/div>\n\t\t\t\t<\/div>\n\t\t\t\t<\/div>\n\t\t\t\t<div class=\"elementor-element elementor-element-7b2648a elementor-widget elementor-widget-spacer\" data-id=\"7b2648a\" data-element_type=\"widget\" data-widget_type=\"spacer.default\">\n\t\t\t\t<div class=\"elementor-widget-container\">\n\t\t\t\t\t<div class=\"elementor-spacer\">\n\t\t\t<div class=\"elementor-spacer-inner\"><\/div>\n\t\t<\/div>\n\t\t\t\t<\/div>\n\t\t\t\t<\/div>\n\t\t\t\t<div class=\"elementor-element elementor-element-3aa3891 elementor-widget elementor-widget-spacer\" data-id=\"3aa3891\" data-element_type=\"widget\" data-widget_type=\"spacer.default\">\n\t\t\t\t<div class=\"elementor-widget-container\">\n\t\t\t\t\t<div class=\"elementor-spacer\">\n\t\t\t<div class=\"elementor-spacer-inner\"><\/div>\n\t\t<\/div>\n\t\t\t\t<\/div>\n\t\t\t\t<\/div>\n\t\t\t\t<div class=\"elementor-element elementor-element-01cd044 elementor-widget elementor-widget-spacer\" data-id=\"01cd044\" data-element_type=\"widget\" data-widget_type=\"spacer.default\">\n\t\t\t\t<div class=\"elementor-widget-container\">\n\t\t\t\t\t<div class=\"elementor-spacer\">\n\t\t\t<div class=\"elementor-spacer-inner\"><\/div>\n\t\t<\/div>\n\t\t\t\t<\/div>\n\t\t\t\t<\/div>\n\t\t\t\t<div class=\"elementor-element elementor-element-544597f elementor-widget elementor-widget-heading\" data-id=\"544597f\" data-element_type=\"widget\" data-widget_type=\"heading.default\">\n\t\t\t\t<div class=\"elementor-widget-container\">\n\t\t\t<h2 class=\"elementor-heading-title elementor-size-default\">Heoi an\u014d, p\u0113r\u0101 hoki ki ng\u0101 kupu a Tama-te-rangi, \u201cHe ao te rangi ka uhia, m\u0101 te huruhuru te manu ka rere ai\u201d, ko t\u0101 te mahi a AATEA, he whakak\u0101kahu i \u014d t\u0101tau hapori, p\u0101pori hoki ki ng\u0101 rauemi hei huruhuru kia rere pai ai i roto i t\u0113nei ao. N\u014d reira, whakarauika mai i raro i t\u0113nei o ng\u0101 kaupapa.<br><br><span style=\"letter-spacing: 0.2px; font-weight: normal;\">And so, as expressed by Tama-te-rangi, <\/span><br><span style=\"letter-spacing: 0.2px;\">\"As clouds bedeck the sky, so do feathers enable a bird to fly\"<\/span><br><span style=\"letter-spacing: 0.2px; font-weight: normal;\"> The task of AATEA is to endow our communities, our society with ways and means that, like feathers, enable kaupapa to take flight. Therefore, let\u2019s work collaboratively in this initiative.<\/span><span style=\"letter-spacing: 0.2px;\"><\/span><\/h2>\t\t<\/div>\n\t\t\t\t<\/div>\n\t\t\t\t\t<\/div>\n\t\t<\/div>\n\t\t\t\t\t\t\t<\/div>\n\t\t<\/section>\n\t\t\t\t\t\t<\/div>\n\t\t\t\t\t<\/div>\n\t\t","protected":false},"excerpt":{"rendered":"<p>Ko te ara e \u016b ai t\u0101tou ko te tika, te pono, te m\u0101ramatanga me te aroha, kia t\u016bm\u0101ia i te ao, i te p\u014d!&nbsp; The path we follow is one of integrity, belief, understanding and compassion that we may stand courageously. OUR STORY Who we are\u00a0 AATEA Consultants Limited was founded by Hinerangi Edwards [&hellip;]<\/p>\n","protected":false},"author":1,"featured_media":0,"parent":0,"menu_order":0,"comment_status":"closed","ping_status":"closed","template":"","meta":[],"_links":{"self":[{"href":"https:\/\/tereo.aatea.co.nz\/en\/wp-json\/wp\/v2\/pages\/2851"}],"collection":[{"href":"https:\/\/tereo.aatea.co.nz\/en\/wp-json\/wp\/v2\/pages"}],"about":[{"href":"https:\/\/tereo.aatea.co.nz\/en\/wp-json\/wp\/v2\/types\/page"}],"author":[{"embeddable":true,"href":"https:\/\/tereo.aatea.co.nz\/en\/wp-json\/wp\/v2\/users\/1"}],"replies":[{"embeddable":true,"href":"https:\/\/tereo.aatea.co.nz\/en\/wp-json\/wp\/v2\/comments?post=2851"}],"version-history":[{"count":43,"href":"https:\/\/tereo.aatea.co.nz\/en\/wp-json\/wp\/v2\/pages\/2851\/revisions"}],"predecessor-version":[{"id":3887,"href":"https:\/\/tereo.aatea.co.nz\/en\/wp-json\/wp\/v2\/pages\/2851\/revisions\/3887"}],"wp:attachment":[{"href":"https:\/\/tereo.aatea.co.nz\/en\/wp-json\/wp\/v2\/media?parent=2851"}],"curies":[{"name":"wp","href":"https:\/\/api.w.org\/{rel}","templated":true}]}}