{"id":3004,"date":"2021-02-15T23:42:33","date_gmt":"2021-02-15T23:42:33","guid":{"rendered":"http:\/\/tereo.aatea.co.nz\/?page_id=3004"},"modified":"2023-07-31T23:11:44","modified_gmt":"2023-07-31T23:11:44","slug":"public-service-innovation","status":"publish","type":"page","link":"https:\/\/tereo.aatea.co.nz\/en\/public-service-innovation\/","title":{"rendered":"Public Service Innovation"},"content":{"rendered":"\t\t<div data-elementor-type=\"wp-page\" data-elementor-id=\"3004\" class=\"elementor elementor-3004\" data-elementor-settings=\"[]\">\n\t\t\t\t\t\t\t<div class=\"elementor-section-wrap\">\n\t\t\t\t\t\t\t<section class=\"elementor-section elementor-top-section elementor-element elementor-element-b501399 elementor-section-boxed elementor-section-height-default elementor-section-height-default\" data-id=\"b501399\" data-element_type=\"section\">\n\t\t\t\t\t\t<div class=\"elementor-container elementor-column-gap-extended\">\n\t\t\t\t\t<div class=\"elementor-column elementor-col-100 elementor-top-column elementor-element elementor-element-6365e43 ot-flex-column-vertical\" data-id=\"6365e43\" data-element_type=\"column\">\n\t\t\t<div class=\"elementor-widget-wrap elementor-element-populated\">\n\t\t\t\t\t\t\t\t<div class=\"elementor-element elementor-element-3f75d42 elementor-widget elementor-widget-heading\" data-id=\"3f75d42\" data-element_type=\"widget\" data-widget_type=\"heading.default\">\n\t\t\t\t<div class=\"elementor-widget-container\">\n\t\t\t<h2 class=\"elementor-heading-title elementor-size-default\">PUBLIC SERVICE INNOVATION<\/h2>\t\t<\/div>\n\t\t\t\t<\/div>\n\t\t\t\t<div class=\"elementor-element elementor-element-c8b548e elementor-widget elementor-widget-spacer\" data-id=\"c8b548e\" data-element_type=\"widget\" data-widget_type=\"spacer.default\">\n\t\t\t\t<div class=\"elementor-widget-container\">\n\t\t\t\t\t<div class=\"elementor-spacer\">\n\t\t\t<div class=\"elementor-spacer-inner\"><\/div>\n\t\t<\/div>\n\t\t\t\t<\/div>\n\t\t\t\t<\/div>\n\t\t\t\t<div class=\"elementor-element elementor-element-2324aab elementor-widget elementor-widget-spacer\" data-id=\"2324aab\" data-element_type=\"widget\" data-widget_type=\"spacer.default\">\n\t\t\t\t<div class=\"elementor-widget-container\">\n\t\t\t\t\t<div class=\"elementor-spacer\">\n\t\t\t<div class=\"elementor-spacer-inner\"><\/div>\n\t\t<\/div>\n\t\t\t\t<\/div>\n\t\t\t\t<\/div>\n\t\t\t\t<div class=\"elementor-element elementor-element-b697945 elementor-widget elementor-widget-text-editor\" data-id=\"b697945\" data-element_type=\"widget\" data-widget_type=\"text-editor.default\">\n\t\t\t\t<div class=\"elementor-widget-container\">\n\t\t\t\t\t<div class=\"elementor-text-editor elementor-clearfix\"><p><strong>AATEA uses their expertise in te ao M\u0101ori, combined with their skills in research, evaluation, facilitation, policy, M\u0101ori-Crown relations, and strategy to support their public sector clients to achieve their goals.\u00a0\u00a0<\/strong><\/p><\/div>\n\t\t\t\t<\/div>\n\t\t\t\t<\/div>\n\t\t\t\t<div class=\"elementor-element elementor-element-1550953 elementor-widget elementor-widget-spacer\" data-id=\"1550953\" data-element_type=\"widget\" data-widget_type=\"spacer.default\">\n\t\t\t\t<div class=\"elementor-widget-container\">\n\t\t\t\t\t<div class=\"elementor-spacer\">\n\t\t\t<div class=\"elementor-spacer-inner\"><\/div>\n\t\t<\/div>\n\t\t\t\t<\/div>\n\t\t\t\t<\/div>\n\t\t\t\t<div class=\"elementor-element elementor-element-82c9ce9 elementor-widget elementor-widget-text-editor\" data-id=\"82c9ce9\" data-element_type=\"widget\" data-widget_type=\"text-editor.default\">\n\t\t\t\t<div class=\"elementor-widget-container\">\n\t\t\t\t\t<div class=\"elementor-text-editor elementor-clearfix\"><p><span style=\"font-weight: 400;\">We provide thought leadership and strategy to help government agencies navigate M\u0101ori-Crown relations as they design and execute new projects. This involves analysing power-sharing, helping nurture and build relationships, building capability, designing the process, facilitating and implementing projects. Our previous work in this space has involved developing curricula, implementing policy, designing governance models and research and evaluating current programmes of work.<\/span><\/p><\/div>\n\t\t\t\t<\/div>\n\t\t\t\t<\/div>\n\t\t\t\t<div class=\"elementor-element elementor-element-3ec3f14 elementor-widget elementor-widget-toggle\" data-id=\"3ec3f14\" data-element_type=\"widget\" data-widget_type=\"toggle.default\">\n\t\t\t\t<div class=\"elementor-widget-container\">\n\t\t\t\t\t<div class=\"elementor-toggle\" role=\"tablist\">\n\t\t\t\t\t\t\t<div class=\"elementor-toggle-item\">\n\t\t\t\t\t<div id=\"elementor-tab-title-6581\" class=\"elementor-tab-title\" data-tab=\"1\" role=\"tab\" aria-controls=\"elementor-tab-content-6581\" aria-expanded=\"false\">\n\t\t\t\t\t\t\t\t\t\t\t\t<span class=\"elementor-toggle-icon elementor-toggle-icon-right\" aria-hidden=\"true\">\n\t\t\t\t\t\t\t\t\t\t\t\t\t\t\t<span class=\"elementor-toggle-icon-closed\"><i class=\"fas fa-caret-right\"><\/i><\/span>\n\t\t\t\t\t\t\t\t<span class=\"elementor-toggle-icon-opened\"><i class=\"elementor-toggle-icon-opened fas fa-caret-up\"><\/i><\/span>\n\t\t\t\t\t\t\t\t\t\t\t\t\t<\/span>\n\t\t\t\t\t\t\t\t\t\t\t\t<a href=\"\" class=\"elementor-toggle-title\">Read more<\/a>\n\t\t\t\t\t<\/div>\n\t\t\t\t\t<div id=\"elementor-tab-content-6581\" class=\"elementor-tab-content elementor-clearfix\" data-tab=\"1\" role=\"tabpanel\" aria-labelledby=\"elementor-tab-title-6581\"><p><span style=\"font-weight: 400;\">We have observed that historically and currently some government processes are designed to meet the needs of most users, i.e. those who fall in the middle of the bell curve. Often M\u0101ori realities sit outside the middle of the bell curve. This, combined with M\u0101ori being perceived as \u2018hard to reach\u2019, results in services and policies within government that don\u2019t meet the needs of M\u0101ori, which leads to poor outcomes and disengagement.\u00a0 In our experience, this is why it is critical to design for M\u0101ori at the centre.\u00a0<\/span><\/p><p><span style=\"font-weight: 400;\">A body of research is building to show that what works for M\u0101ori works for all, so if we design with this in mind we will create greater engagement across the board, de-risk government programmes and start the journey to fulfil basic Treaty obligations.\u00a0 M\u0101ori-centred design considers all \u2013 so there is no Bell curve where people miss out. It is iterative and steeped in cultural integrity and innovation for the future.\u00a0<\/span><\/p><\/div>\n\t\t\t\t<\/div>\n\t\t\t\t\t<\/div>\n\t\t\t\t<\/div>\n\t\t\t\t<\/div>\n\t\t\t\t<div class=\"elementor-element elementor-element-0cca83a elementor-widget elementor-widget-spacer\" data-id=\"0cca83a\" data-element_type=\"widget\" data-widget_type=\"spacer.default\">\n\t\t\t\t<div class=\"elementor-widget-container\">\n\t\t\t\t\t<div class=\"elementor-spacer\">\n\t\t\t<div class=\"elementor-spacer-inner\"><\/div>\n\t\t<\/div>\n\t\t\t\t<\/div>\n\t\t\t\t<\/div>\n\t\t\t\t<div class=\"elementor-element elementor-element-ad1d1c1 elementor-widget elementor-widget-heading\" data-id=\"ad1d1c1\" data-element_type=\"widget\" data-widget_type=\"heading.default\">\n\t\t\t\t<div class=\"elementor-widget-container\">\n\t\t\t<h2 class=\"elementor-heading-title elementor-size-default\">CASE STUDIES <\/h2>\t\t<\/div>\n\t\t\t\t<\/div>\n\t\t\t\t<div class=\"elementor-element elementor-element-e6b81cc elementor-widget elementor-widget-spacer\" data-id=\"e6b81cc\" data-element_type=\"widget\" data-widget_type=\"spacer.default\">\n\t\t\t\t<div class=\"elementor-widget-container\">\n\t\t\t\t\t<div class=\"elementor-spacer\">\n\t\t\t<div class=\"elementor-spacer-inner\"><\/div>\n\t\t<\/div>\n\t\t\t\t<\/div>\n\t\t\t\t<\/div>\n\t\t\t\t<div class=\"elementor-element elementor-element-6262d6f elementor-widget elementor-widget-spacer\" data-id=\"6262d6f\" data-element_type=\"widget\" data-widget_type=\"spacer.default\">\n\t\t\t\t<div class=\"elementor-widget-container\">\n\t\t\t\t\t<div class=\"elementor-spacer\">\n\t\t\t<div class=\"elementor-spacer-inner\"><\/div>\n\t\t<\/div>\n\t\t\t\t<\/div>\n\t\t\t\t<\/div>\n\t\t\t\t<div class=\"elementor-element elementor-element-b806984 elementor-widget elementor-widget-spacer\" data-id=\"b806984\" data-element_type=\"widget\" data-widget_type=\"spacer.default\">\n\t\t\t\t<div class=\"elementor-widget-container\">\n\t\t\t\t\t<div class=\"elementor-spacer\">\n\t\t\t<div class=\"elementor-spacer-inner\"><\/div>\n\t\t<\/div>\n\t\t\t\t<\/div>\n\t\t\t\t<\/div>\n\t\t\t\t<section class=\"elementor-section elementor-inner-section elementor-element elementor-element-9493bd9 elementor-section-full_width elementor-section-content-middle elementor-section-height-default elementor-section-height-default\" data-id=\"9493bd9\" data-element_type=\"section\">\n\t\t\t\t\t\t<div class=\"elementor-container elementor-column-gap-extended\">\n\t\t\t\t\t<div class=\"elementor-column elementor-col-50 elementor-inner-column elementor-element elementor-element-f146a0a ot-flex-column-vertical\" data-id=\"f146a0a\" data-element_type=\"column\">\n\t\t\t<div class=\"elementor-widget-wrap elementor-element-populated\">\n\t\t\t\t\t\t\t\t<div class=\"elementor-element elementor-element-320fcaa elementor-widget elementor-widget-image\" data-id=\"320fcaa\" data-element_type=\"widget\" data-widget_type=\"image.default\">\n\t\t\t\t<div class=\"elementor-widget-container\">\n\t\t\t\t\t<div class=\"elementor-image\">\n\t\t\t\t\t\t\t\t\t\t<img width=\"785\" height=\"785\" src=\"https:\/\/tereo.aatea.co.nz\/wp-content\/uploads\/2023\/07\/Hinerangi_Hui_Blue.jpg\" class=\"attachment-full size-full\" alt=\"Smiling Hinerangi\" loading=\"lazy\" srcset=\"https:\/\/tereo.aatea.co.nz\/wp-content\/uploads\/2023\/07\/Hinerangi_Hui_Blue.jpg 785w, https:\/\/tereo.aatea.co.nz\/wp-content\/uploads\/2023\/07\/Hinerangi_Hui_Blue-300x300.jpg 300w, https:\/\/tereo.aatea.co.nz\/wp-content\/uploads\/2023\/07\/Hinerangi_Hui_Blue-150x150.jpg 150w, https:\/\/tereo.aatea.co.nz\/wp-content\/uploads\/2023\/07\/Hinerangi_Hui_Blue-768x768.jpg 768w, https:\/\/tereo.aatea.co.nz\/wp-content\/uploads\/2023\/07\/Hinerangi_Hui_Blue-600x600.jpg 600w\" sizes=\"(max-width: 785px) 100vw, 785px\" \/>\t\t\t\t\t\t\t\t\t\t\t<\/div>\n\t\t\t\t<\/div>\n\t\t\t\t<\/div>\n\t\t\t\t\t<\/div>\n\t\t<\/div>\n\t\t\t\t<div class=\"elementor-column elementor-col-50 elementor-inner-column elementor-element elementor-element-3d72edf ot-flex-column-vertical\" data-id=\"3d72edf\" data-element_type=\"column\">\n\t\t\t<div class=\"elementor-widget-wrap elementor-element-populated\">\n\t\t\t\t\t\t\t\t<div class=\"elementor-element elementor-element-68e806c elementor-widget elementor-widget-heading\" data-id=\"68e806c\" data-element_type=\"widget\" data-widget_type=\"heading.default\">\n\t\t\t\t<div class=\"elementor-widget-container\">\n\t\t\t<h3 class=\"elementor-heading-title elementor-size-default\">Co-designing the M\u0101ori Data Governance Model<\/h3>\t\t<\/div>\n\t\t\t\t<\/div>\n\t\t\t\t<div class=\"elementor-element elementor-element-7104f84 elementor-widget elementor-widget-text-editor\" data-id=\"7104f84\" data-element_type=\"widget\" data-widget_type=\"text-editor.default\">\n\t\t\t\t<div class=\"elementor-widget-container\">\n\t\t\t\t\t<div class=\"elementor-text-editor elementor-clearfix\"><ul class=\"member-info\"><li><span class=\"text-dark\">Client: <\/span><span style=\"color: #5f5f5f; font-family: Roboto, sans-serif; font-weight: 400;\">\u00a0<\/span>Te K\u0101hui Raraunga Charitable Trust<\/li><li><span class=\"text-dark\">Mission: <\/span>Design and facilitate a co-design process for M\u0101ori data leaders and experts with 16 Crown agencies to develop a M\u0101ori Data Governance Model.\u00a0<\/li><li><span class=\"text-dark\">Outcome:\u00a0<\/span>The outcome of this work has been creating future pathways for M\u0101ori Data Governance for Te K\u0101hui Raraunga and strengthening in the M\u0101ori-Crown relationship.<\/li><\/ul><\/div>\n\t\t\t\t<\/div>\n\t\t\t\t<\/div>\n\t\t\t\t\t<\/div>\n\t\t<\/div>\n\t\t\t\t\t\t\t<\/div>\n\t\t<\/section>\n\t\t\t\t<div class=\"elementor-element elementor-element-d07cb8b elementor-widget elementor-widget-toggle\" data-id=\"d07cb8b\" data-element_type=\"widget\" data-widget_type=\"toggle.default\">\n\t\t\t\t<div class=\"elementor-widget-container\">\n\t\t\t\t\t<div class=\"elementor-toggle\" role=\"tablist\">\n\t\t\t\t\t\t\t<div class=\"elementor-toggle-item\">\n\t\t\t\t\t<div id=\"elementor-tab-title-2181\" class=\"elementor-tab-title\" data-tab=\"1\" role=\"tab\" aria-controls=\"elementor-tab-content-2181\" aria-expanded=\"false\">\n\t\t\t\t\t\t\t\t\t\t\t\t<span class=\"elementor-toggle-icon elementor-toggle-icon-right\" aria-hidden=\"true\">\n\t\t\t\t\t\t\t\t\t\t\t\t\t\t\t<span class=\"elementor-toggle-icon-closed\"><i class=\"fas fa-caret-right\"><\/i><\/span>\n\t\t\t\t\t\t\t\t<span class=\"elementor-toggle-icon-opened\"><i class=\"elementor-toggle-icon-opened fas fa-caret-up\"><\/i><\/span>\n\t\t\t\t\t\t\t\t\t\t\t\t\t<\/span>\n\t\t\t\t\t\t\t\t\t\t\t\t<a href=\"\" class=\"elementor-toggle-title\">Read more<\/a>\n\t\t\t\t\t<\/div>\n\t\t\t\t\t<div id=\"elementor-tab-content-2181\" class=\"elementor-tab-content elementor-clearfix\" data-tab=\"1\" role=\"tabpanel\" aria-labelledby=\"elementor-tab-title-2181\"><p><span style=\"font-weight: 400;\">AATEA, in partnership with Creative HQ, were engaged by Te K\u0101hui Raraunga Charitable Trust to design and facilitate a co-design process for M\u0101ori data leaders and experts with 16 Crown agencies to develop a M\u0101ori Data Governance Model.\u00a0<\/span><\/p><p><span style=\"font-weight: 400;\">The co-design process embedded tikanga M\u0101ori and centred on M\u0101ori voice whilst creating space for K\u0101wanatanga participants to share their perspective. A Waka Hourua model for M\u0101ori data governance resulted with an Ohu (working party) established to develop its work plan and secure funding from government resources.\u00a0<\/span><\/p><p><span style=\"font-weight: 400;\">Our internal evaluation team reviewed the co-design process, providing recommendations on how to iterate the process to meet the changing needs of participants. In addition to this, their role was to capture the key insights from each engagement and develop a report for Te K\u0101hui Raraunga to map out the insights and the next steps for the models.\u00a0<\/span><\/p><p><span style=\"font-weight: 400;\">The outcome of this work has been creating future pathways for M\u0101ori Data Governance for Te K\u0101hui Raraunga and a strengthening in the M\u0101ori-Crown relationship.\u00a0<\/span><\/p><\/div>\n\t\t\t\t<\/div>\n\t\t\t\t\t<\/div>\n\t\t\t\t<\/div>\n\t\t\t\t<\/div>\n\t\t\t\t<section class=\"elementor-section elementor-inner-section elementor-element elementor-element-4b4c82c elementor-section-full_width elementor-section-content-middle elementor-section-height-default elementor-section-height-default\" data-id=\"4b4c82c\" data-element_type=\"section\">\n\t\t\t\t\t\t<div class=\"elementor-container elementor-column-gap-extended\">\n\t\t\t\t\t\t\t\t<\/div>\n\t\t<\/section>\n\t\t\t\t\t<\/div>\n\t\t<\/div>\n\t\t\t\t\t\t\t<\/div>\n\t\t<\/section>\n\t\t\t\t\t\t<\/div>\n\t\t\t\t\t<\/div>\n\t\t","protected":false},"excerpt":{"rendered":"<p>PUBLIC SERVICE INNOVATION AATEA uses their expertise in te ao M\u0101ori, combined with their skills in research, evaluation, facilitation, policy, M\u0101ori-Crown relations, and strategy to support their public sector clients to achieve their goals.\u00a0\u00a0 We provide thought leadership and strategy to help government agencies navigate M\u0101ori-Crown relations as they design and execute new projects. This [&hellip;]<\/p>\n","protected":false},"author":1,"featured_media":0,"parent":0,"menu_order":0,"comment_status":"closed","ping_status":"closed","template":"","meta":[],"_links":{"self":[{"href":"https:\/\/tereo.aatea.co.nz\/en\/wp-json\/wp\/v2\/pages\/3004"}],"collection":[{"href":"https:\/\/tereo.aatea.co.nz\/en\/wp-json\/wp\/v2\/pages"}],"about":[{"href":"https:\/\/tereo.aatea.co.nz\/en\/wp-json\/wp\/v2\/types\/page"}],"author":[{"embeddable":true,"href":"https:\/\/tereo.aatea.co.nz\/en\/wp-json\/wp\/v2\/users\/1"}],"replies":[{"embeddable":true,"href":"https:\/\/tereo.aatea.co.nz\/en\/wp-json\/wp\/v2\/comments?post=3004"}],"version-history":[{"count":82,"href":"https:\/\/tereo.aatea.co.nz\/en\/wp-json\/wp\/v2\/pages\/3004\/revisions"}],"predecessor-version":[{"id":4161,"href":"https:\/\/tereo.aatea.co.nz\/en\/wp-json\/wp\/v2\/pages\/3004\/revisions\/4161"}],"wp:attachment":[{"href":"https:\/\/tereo.aatea.co.nz\/en\/wp-json\/wp\/v2\/media?parent=3004"}],"curies":[{"name":"wp","href":"https:\/\/api.w.org\/{rel}","templated":true}]}}