{"id":4218,"date":"2023-11-13T22:50:13","date_gmt":"2023-11-13T22:50:13","guid":{"rendered":"http:\/\/tereo.aatea.co.nz\/?page_id=4218"},"modified":"2023-11-21T23:53:53","modified_gmt":"2023-11-21T23:53:53","slug":"te-au-hangarau","status":"publish","type":"page","link":"https:\/\/tereo.aatea.co.nz\/en\/te-au-hangarau\/","title":{"rendered":"M\u0101ori Digital Participation"},"content":{"rendered":"\t\t<div data-elementor-type=\"wp-page\" data-elementor-id=\"4218\" class=\"elementor elementor-4218\" data-elementor-settings=\"[]\">\n\t\t\t\t\t\t\t<div class=\"elementor-section-wrap\">\n\t\t\t\t\t\t\t<section class=\"elementor-section elementor-top-section elementor-element elementor-element-b501399 elementor-section-boxed elementor-section-height-default elementor-section-height-default\" data-id=\"b501399\" data-element_type=\"section\">\n\t\t\t\t\t\t<div class=\"elementor-container elementor-column-gap-extended\">\n\t\t\t\t\t<div class=\"elementor-column elementor-col-100 elementor-top-column elementor-element elementor-element-6365e43 ot-flex-column-vertical\" data-id=\"6365e43\" data-element_type=\"column\">\n\t\t\t<div class=\"elementor-widget-wrap elementor-element-populated\">\n\t\t\t\t\t\t\t\t<div class=\"elementor-element elementor-element-3f75d42 elementor-widget elementor-widget-heading\" data-id=\"3f75d42\" data-element_type=\"widget\" data-widget_type=\"heading.default\">\n\t\t\t\t<div class=\"elementor-widget-container\">\n\t\t\t<h2 class=\"elementor-heading-title elementor-size-default\"><span style=\"letter-spacing: 0.2px;\">Te Au Hangarau<\/span><\/h2>\t\t<\/div>\n\t\t\t\t<\/div>\n\t\t\t\t<div class=\"elementor-element elementor-element-c8b548e elementor-widget elementor-widget-spacer\" data-id=\"c8b548e\" data-element_type=\"widget\" data-widget_type=\"spacer.default\">\n\t\t\t\t<div class=\"elementor-widget-container\">\n\t\t\t\t\t<div class=\"elementor-spacer\">\n\t\t\t<div class=\"elementor-spacer-inner\"><\/div>\n\t\t<\/div>\n\t\t\t\t<\/div>\n\t\t\t\t<\/div>\n\t\t\t\t<div class=\"elementor-element elementor-element-2324aab elementor-widget elementor-widget-spacer\" data-id=\"2324aab\" data-element_type=\"widget\" data-widget_type=\"spacer.default\">\n\t\t\t\t<div class=\"elementor-widget-container\">\n\t\t\t\t\t<div class=\"elementor-spacer\">\n\t\t\t<div class=\"elementor-spacer-inner\"><\/div>\n\t\t<\/div>\n\t\t\t\t<\/div>\n\t\t\t\t<\/div>\n\t\t\t\t<div class=\"elementor-element elementor-element-b697945 elementor-widget elementor-widget-text-editor\" data-id=\"b697945\" data-element_type=\"widget\" data-widget_type=\"text-editor.default\">\n\t\t\t\t<div class=\"elementor-widget-container\">\n\t\t\t\t\t<div class=\"elementor-text-editor elementor-clearfix\"><p><span style=\"font-weight: 400;\">Experiences of rangatahi M\u0101ori in the Auckland tech sector.<\/span><\/p><\/div>\n\t\t\t\t<\/div>\n\t\t\t\t<\/div>\n\t\t\t\t<div class=\"elementor-element elementor-element-1550953 elementor-widget elementor-widget-spacer\" data-id=\"1550953\" data-element_type=\"widget\" data-widget_type=\"spacer.default\">\n\t\t\t\t<div class=\"elementor-widget-container\">\n\t\t\t\t\t<div class=\"elementor-spacer\">\n\t\t\t<div class=\"elementor-spacer-inner\"><\/div>\n\t\t<\/div>\n\t\t\t\t<\/div>\n\t\t\t\t<\/div>\n\t\t\t\t<div class=\"elementor-element elementor-element-82c9ce9 elementor-widget elementor-widget-text-editor\" data-id=\"82c9ce9\" data-element_type=\"widget\" data-widget_type=\"text-editor.default\">\n\t\t\t\t<div class=\"elementor-widget-container\">\n\t\t\t\t\t<div class=\"elementor-text-editor elementor-clearfix\"><p><span style=\"font-weight: 400;\">Te Au Hangarau is a kaupapa M\u0101ori research project that explores the experiences and aspirations of rangatahi M\u0101ori in the Auckland tech sector. It presents key findings and recommendations for how educators, tech organisations, government and wh\u0101nau can create and support equitable tech education and employment pathways that allow rangatahi to thrive in tech careers and to contribute their unique experiences and worldviews to unlock innovative potential for all of Aotearoa.<\/span><\/p><p><span style=\"font-weight: 400;\">Te Au Hangarau was developed and funded in partnership with T\u0101taki Auckland Unlimited and Spark Foundation.<\/span><\/p><\/div>\n\t\t\t\t<\/div>\n\t\t\t\t<\/div>\n\t\t\t\t<div class=\"elementor-element elementor-element-0cca83a elementor-widget elementor-widget-spacer\" data-id=\"0cca83a\" data-element_type=\"widget\" data-widget_type=\"spacer.default\">\n\t\t\t\t<div class=\"elementor-widget-container\">\n\t\t\t\t\t<div class=\"elementor-spacer\">\n\t\t\t<div class=\"elementor-spacer-inner\"><\/div>\n\t\t<\/div>\n\t\t\t\t<\/div>\n\t\t\t\t<\/div>\n\t\t\t\t<div class=\"elementor-element elementor-element-25b8f51 elementor-widget elementor-widget-spacer\" data-id=\"25b8f51\" data-element_type=\"widget\" data-widget_type=\"spacer.default\">\n\t\t\t\t<div class=\"elementor-widget-container\">\n\t\t\t\t\t<div class=\"elementor-spacer\">\n\t\t\t<div class=\"elementor-spacer-inner\"><\/div>\n\t\t<\/div>\n\t\t\t\t<\/div>\n\t\t\t\t<\/div>\n\t\t\t\t<div class=\"elementor-element elementor-element-c2eb261 elementor-widget elementor-widget-spacer\" data-id=\"c2eb261\" data-element_type=\"widget\" data-widget_type=\"spacer.default\">\n\t\t\t\t<div class=\"elementor-widget-container\">\n\t\t\t\t\t<div class=\"elementor-spacer\">\n\t\t\t<div class=\"elementor-spacer-inner\"><\/div>\n\t\t<\/div>\n\t\t\t\t<\/div>\n\t\t\t\t<\/div>\n\t\t\t\t<div class=\"elementor-element elementor-element-ad1d1c1 elementor-widget elementor-widget-heading\" data-id=\"ad1d1c1\" data-element_type=\"widget\" data-widget_type=\"heading.default\">\n\t\t\t\t<div class=\"elementor-widget-container\">\n\t\t\t<h2 class=\"elementor-heading-title elementor-size-default\">The Report<\/h2>\t\t<\/div>\n\t\t\t\t<\/div>\n\t\t\t\t<div class=\"elementor-element elementor-element-55f96f4 elementor-widget elementor-widget-spacer\" data-id=\"55f96f4\" data-element_type=\"widget\" data-widget_type=\"spacer.default\">\n\t\t\t\t<div class=\"elementor-widget-container\">\n\t\t\t\t\t<div class=\"elementor-spacer\">\n\t\t\t<div class=\"elementor-spacer-inner\"><\/div>\n\t\t<\/div>\n\t\t\t\t<\/div>\n\t\t\t\t<\/div>\n\t\t\t\t<section class=\"elementor-section elementor-inner-section elementor-element elementor-element-f3c8e37 elementor-section-full_width elementor-section-content-middle elementor-section-height-default elementor-section-height-default\" data-id=\"f3c8e37\" data-element_type=\"section\">\n\t\t\t\t\t\t<div class=\"elementor-container elementor-column-gap-extended\">\n\t\t\t\t\t<div class=\"elementor-column elementor-col-50 elementor-inner-column elementor-element elementor-element-ef8bd75 ot-flex-column-vertical\" data-id=\"ef8bd75\" data-element_type=\"column\">\n\t\t\t<div class=\"elementor-widget-wrap elementor-element-populated\">\n\t\t\t\t\t\t\t\t<div class=\"elementor-element elementor-element-c06d3db elementor-widget elementor-widget-image\" data-id=\"c06d3db\" data-element_type=\"widget\" data-widget_type=\"image.default\">\n\t\t\t\t<div class=\"elementor-widget-container\">\n\t\t\t\t\t<div class=\"elementor-image\">\n\t\t\t\t\t\t\t\t\t\t<img width=\"768\" height=\"1086\" src=\"https:\/\/tereo.aatea.co.nz\/wp-content\/uploads\/2023\/11\/TAH-Title-page-2-768x1086.png\" class=\"attachment-medium_large size-medium_large\" alt=\"\" loading=\"lazy\" srcset=\"https:\/\/tereo.aatea.co.nz\/wp-content\/uploads\/2023\/11\/TAH-Title-page-2-768x1086.png 768w, https:\/\/tereo.aatea.co.nz\/wp-content\/uploads\/2023\/11\/TAH-Title-page-2-212x300.png 212w, https:\/\/tereo.aatea.co.nz\/wp-content\/uploads\/2023\/11\/TAH-Title-page-2-724x1024.png 724w, https:\/\/tereo.aatea.co.nz\/wp-content\/uploads\/2023\/11\/TAH-Title-page-2-1086x1536.png 1086w, https:\/\/tereo.aatea.co.nz\/wp-content\/uploads\/2023\/11\/TAH-Title-page-2.png 1131w\" sizes=\"(max-width: 768px) 100vw, 768px\" \/>\t\t\t\t\t\t\t\t\t\t\t<\/div>\n\t\t\t\t<\/div>\n\t\t\t\t<\/div>\n\t\t\t\t\t<\/div>\n\t\t<\/div>\n\t\t\t\t<div class=\"elementor-column elementor-col-50 elementor-inner-column elementor-element elementor-element-442a08d ot-flex-column-vertical\" data-id=\"442a08d\" data-element_type=\"column\">\n\t\t\t<div class=\"elementor-widget-wrap elementor-element-populated\">\n\t\t\t\t\t\t\t\t<div class=\"elementor-element elementor-element-37aa936 elementor-widget elementor-widget-heading\" data-id=\"37aa936\" data-element_type=\"widget\" data-widget_type=\"heading.default\">\n\t\t\t\t<div class=\"elementor-widget-container\">\n\t\t\t<h3 class=\"elementor-heading-title elementor-size-default\">Te Au Hangarau 2022\u20132023<\/h3>\t\t<\/div>\n\t\t\t\t<\/div>\n\t\t\t\t<div class=\"elementor-element elementor-element-229c3ea elementor-widget elementor-widget-text-editor\" data-id=\"229c3ea\" data-element_type=\"widget\" data-widget_type=\"text-editor.default\">\n\t\t\t\t<div class=\"elementor-widget-container\">\n\t\t\t\t\t<div class=\"elementor-text-editor elementor-clearfix\"><ul class=\"member-info\"><li>\u00a0<\/li><li><p><strong>Partners:<\/strong> Te Au Hangarau was commissioned by T\u0101taki Auckland Unlimited with funding from Spark Foundation, and developed in partnership with P\u016bhoro STEMM Academy and Korou Digital.<\/p><p><strong>Kaupapa:<\/strong> This kaupapa M\u0101ori research report examines the experiences and perspectives of rangatahi M\u0101ori in the Auckland tech sector. It presents key findings and recommendations to help educators, tech organisations, government and wh\u0101nau to develop equitable and supportive education and employment pathways and help rangatahi M\u0101ori to thrive in tech.\u00a0<\/p><p><strong><a href=\"http:\/\/tereo.aatea.co.nz\/wp-content\/uploads\/2023\/11\/Te-Au-Hangarau-2023-1.pdf\">Download the report here<\/a><\/strong><\/p><\/li><\/ul><\/div>\n\t\t\t\t<\/div>\n\t\t\t\t<\/div>\n\t\t\t\t\t<\/div>\n\t\t<\/div>\n\t\t\t\t\t\t\t<\/div>\n\t\t<\/section>\n\t\t\t\t<div class=\"elementor-element elementor-element-92c057f elementor-widget elementor-widget-spacer\" data-id=\"92c057f\" data-element_type=\"widget\" data-widget_type=\"spacer.default\">\n\t\t\t\t<div class=\"elementor-widget-container\">\n\t\t\t\t\t<div class=\"elementor-spacer\">\n\t\t\t<div class=\"elementor-spacer-inner\"><\/div>\n\t\t<\/div>\n\t\t\t\t<\/div>\n\t\t\t\t<\/div>\n\t\t\t\t<div class=\"elementor-element elementor-element-7f21d04 elementor-widget elementor-widget-spacer\" data-id=\"7f21d04\" data-element_type=\"widget\" data-widget_type=\"spacer.default\">\n\t\t\t\t<div class=\"elementor-widget-container\">\n\t\t\t\t\t<div class=\"elementor-spacer\">\n\t\t\t<div class=\"elementor-spacer-inner\"><\/div>\n\t\t<\/div>\n\t\t\t\t<\/div>\n\t\t\t\t<\/div>\n\t\t\t\t\t<\/div>\n\t\t<\/div>\n\t\t\t\t\t\t\t<\/div>\n\t\t<\/section>\n\t\t\t\t\t\t<\/div>\n\t\t\t\t\t<\/div>\n\t\t","protected":false},"excerpt":{"rendered":"<p>Te Au Hangarau Experiences of rangatahi M\u0101ori in the Auckland tech sector. Te Au Hangarau is a kaupapa M\u0101ori research project that explores the experiences and aspirations of rangatahi M\u0101ori in the Auckland tech sector. It presents key findings and recommendations for how educators, tech organisations, government and wh\u0101nau can create and support equitable tech [&hellip;]<\/p>\n","protected":false},"author":1,"featured_media":0,"parent":0,"menu_order":0,"comment_status":"closed","ping_status":"closed","template":"","meta":[],"_links":{"self":[{"href":"https:\/\/tereo.aatea.co.nz\/en\/wp-json\/wp\/v2\/pages\/4218"}],"collection":[{"href":"https:\/\/tereo.aatea.co.nz\/en\/wp-json\/wp\/v2\/pages"}],"about":[{"href":"https:\/\/tereo.aatea.co.nz\/en\/wp-json\/wp\/v2\/types\/page"}],"author":[{"embeddable":true,"href":"https:\/\/tereo.aatea.co.nz\/en\/wp-json\/wp\/v2\/users\/1"}],"replies":[{"embeddable":true,"href":"https:\/\/tereo.aatea.co.nz\/en\/wp-json\/wp\/v2\/comments?post=4218"}],"version-history":[{"count":25,"href":"https:\/\/tereo.aatea.co.nz\/en\/wp-json\/wp\/v2\/pages\/4218\/revisions"}],"predecessor-version":[{"id":4249,"href":"https:\/\/tereo.aatea.co.nz\/en\/wp-json\/wp\/v2\/pages\/4218\/revisions\/4249"}],"wp:attachment":[{"href":"https:\/\/tereo.aatea.co.nz\/en\/wp-json\/wp\/v2\/media?parent=4218"}],"curies":[{"name":"wp","href":"https:\/\/api.w.org\/{rel}","templated":true}]}}